{"id":22,"date":"2016-10-19T08:47:07","date_gmt":"2016-10-19T06:47:07","guid":{"rendered":"https:\/\/www.lapetitemaison.saarland\/neu\/?page_id=22"},"modified":"2026-04-08T13:02:07","modified_gmt":"2026-04-08T11:02:07","slug":"speisekarte","status":"publish","type":"page","link":"https:\/\/www.lapetitemaison.saarland\/neu\/?page_id=22","title":{"rendered":"Speisekarte"},"content":{"rendered":"<div class=\"wpb-content-wrapper\"><p>[vc_row][vc_column][vc_custom_heading text=&#8220;Speisekarte des Restaurant La Petite Maison&#8220; font_container=&#8220;tag:h2|text_align:center&#8220; use_theme_fonts=&#8220;yes&#8220; css=&#8220;.vc_custom_1476872925159{padding-top: 15px !important;padding-bottom: 15px !important;background-color: #ffcc66 !important;border-radius: 10px !important;}&#8220;][\/vc_column][\/vc_row][vc_row css=&#8220;.vc_custom_1630319956420{margin-top: 30px !important;}&#8220;][vc_column][vc_tta_tabs style=&#8220;modern&#8220; color=&#8220;juicy-pink&#8220; active_section=&#8220;1&#8243;][vc_tta_section title=&#8220;Gourmetmen\u00fc&#8220; tab_id=&#8220;1476873633347-44bf4908-2e86&#8243;][vc_column_text css=&#8220;&#8220;]<\/p>\n<p style=\"text-align: center;\"><strong>GOURMETMEN\u00dc<\/strong><\/p>\n<p style=\"text-align: center;\">Amuse bouche<\/p>\n<p style=\"text-align: center;\">*****<\/p>\n<p style=\"text-align: center;\">Cr\u00eapesr\u00f6llchen<br \/>\nmit R\u00e4ucherlachs und gr\u00fcnem Spargel<br \/>\nZitronenmayonaise, Forellenkaviar<\/p>\n<p style=\"text-align: center;\">*****<\/p>\n<p style=\"text-align: center;\">Cr\u00e9mes\u00fcppchen vom wei\u00dfen Spargel<br \/>\nB\u00e4rlauch\u00f6l und Croutons<\/p>\n<p style=\"text-align: center;\">*****<\/p>\n<p style=\"text-align: center;\">Steinbei\u00dferfilet<br \/>\nLauchr\u00f6llchen und Krustentiersauce<br \/>\n<em>oder<\/em><br \/>\nTagliolini \u00e0 la cr\u00e9me<br \/>\nSommertr\u00fcffel<\/p>\n<p style=\"text-align: center;\">*****<\/p>\n<p style=\"text-align: center;\">Intermezzo vor dem Hauptgericht<\/p>\n<p style=\"text-align: center;\">*****<\/p>\n<p style=\"text-align: center;\">Rinderfilet vom Grill<br \/>\nwei\u00dfer Spargel<br \/>\nOfenkart\u00f6ffelchen und Estragonsauce<br \/>\n<em>oder<\/em><br \/>\nCassoulet vom Lamm<br \/>\nwei\u00dfes Bohnenp\u00fcr\u00e9e<br \/>\n<em>oder<\/em><br \/>\nGem\u00fcsefrikadellen<br \/>\nOrangen &#8211; Fenchel \u2013 Gem\u00fcse<\/p>\n<p style=\"text-align: center;\">*****<\/p>\n<p style=\"text-align: center;\">Millefeuille<br \/>\nHimbeeren, Joghurtcr\u00e8me<br \/>\nund Schokoladeneis<br \/>\n<em>oder<\/em><br \/>\nProfiterolle mit Bourbonvanilleeis<br \/>\nund Valrhona-Schokoladensauce<\/p>\n<p style=\"text-align: center;\">komplett als 5-Gang-Men\u00fc pro Person:<br \/>\n<strong>95,00 \u20ac<\/strong><\/p>\n<p style=\"text-align: center;\">als 4-Gang-Men\u00fc pro Person:<br \/>\n<strong>85,00 \u20ac<\/strong><\/p>\n<p style=\"text-align: center;\">Vegetarisches 5-Gang-Men\u00fc pro Person:<br \/>\n<strong>79,00 \u20ac<\/strong><\/p>\n<p style=\"text-align: center;\">kleine K\u00e4seauswahl <strong>+ 16,50 \u20ac<\/strong><\/p>\n<p style=\"text-align: center;\">men\u00fcbegleitende Weinreise<br \/>\n5-Gang-Men\u00fc: <strong>45,00 \u20ac<\/strong><br \/>\n4-Gang-Men\u00fc: <strong>40,00 \u20ac<\/strong><\/p>\n<p style=\"text-align: center;\"><em><strong>Alle Preise inklusiv Mwst. und Bedienung.<\/strong><\/em><\/p>\n<p>F\u00fcr Informationen \u00fcber Zutaten und Stoffe, die Allergien und Unvertr\u00e4glichkeiten ausl\u00f6sen k\u00f6nnen, steht Ihnen bei Bedarf unsere K\u00fcchenchefin zur Verf\u00fcgung.<br \/>\nWir empfehlen eine rechtzeitige Reservierung.[\/vc_column_text][\/vc_tta_section][\/vc_tta_tabs][\/vc_column][\/vc_row][vc_row disable_element=&#8220;yes&#8220; css=&#8220;.vc_custom_1734717822557{margin-top: 30px !important;}&#8220;][vc_column][vc_tta_tabs style=&#8220;modern&#8220; color=&#8220;juicy-pink&#8220; active_section=&#8220;1&#8243;][vc_tta_section title=&#8220;Gourmetmen\u00fc&#8220; tab_id=&#8220;1734717807354-a9b8dbb9-6f27&#8243;][vc_column_text css=&#8220;&#8220;]<\/p>\n<p style=\"text-align: center;\">GOURMETMEN\u00dc<\/p>\n<p style=\"text-align: center;\">(Einzelne Men\u00fcg\u00e4nge auch gerne \u00e0 la carte = Einzelpreis )<\/p>\n<p style=\"text-align: center;\">Amuse bouche<br \/>\n*****<\/p>\n<p style=\"text-align: center;\">Tartar von Riesengarnelen und hausgebeiztem Lachs<br \/>\nAvocado, gr\u00fcnem Apfel, Olivenperlen<br \/>\n22,00 \u20ac<br \/>\n*****<br \/>\nVelout\u00e9 vom Blumenkohl<br \/>\nger\u00e4ucherte Schweinebacke<br \/>\n16,50 \u20ac<br \/>\n*****<br \/>\nFilet vom Steink\u00f6hler<br \/>\nFregola Sarda, Salzzitronensauce<br \/>\nals Zwischengericht: 28,00 \u20ac<br \/>\nals Hauptgericht: 39,00 \u20ac<br \/>\n*****<br \/>\nIntermezzo vor dem Hauptgericht<br \/>\n*****<br \/>\nTranchen vom gegrillten Rinderfilet<br \/>\nStroganoffsauce<br \/>\nKartoffelsouffl\u00e9<br \/>\n46,00 \u20ac<br \/>\n<em>oder<\/em><br \/>\nMedaillon vom Hirschkalbsr\u00fccken<br \/>\nPied de mouton, Rotweinsauce<br \/>\nMaronen-Vanille-Mousseline<br \/>\n26,00 \u20ac<br \/>\n<em>oder<\/em><br \/>\nGem\u00fcsefrikadelle<br \/>\nArtischokenboden, Sauce Bearnaise<br \/>\n28,00 \u20ac<br \/>\n*****<br \/>\nPassionsfruchtcreme<br \/>\nSpekulatiusboden, Kataifi<br \/>\n16,50 \u20ac<\/p>\n<p style=\"text-align: center;\">komplett als 5-Gang-Men\u00fc pro Person:<br \/>\n95,00 \u20ac<\/p>\n<p style=\"text-align: center;\">als 4-Gang-Men\u00fc pro Person:<br \/>\n85,00 \u20ac<\/p>\n<p style=\"text-align: center;\">Vegetarisches 5-Gang-Men\u00fc pro Person:<br \/>\n79,00 \u20ac<\/p>\n<p style=\"text-align: center;\">kleine K\u00e4seauswahl + 16,50 \u20ac<br \/>\nWeinreise + 45,00 \u20ac<\/p>\n<p style=\"text-align: center;\">Alle Preise inklusiv Mwst. und Bedienung.<\/p>\n<p>F\u00fcr Informationen \u00fcber Zutaten und Stoffe, die Allergien und Unvertr\u00e4glichkeiten ausl\u00f6sen k\u00f6nnen, steht Ihnen bei Bedarf unsere K\u00fcchenchefin zur Verf\u00fcgung. Auf Wunsch stellen wir Ihnen auch gerne ein vegetarisches Men\u00fc zusammen.<br \/>\nWir empfehlen eine rechtzeitige Reservierung.[\/vc_column_text][\/vc_tta_section][vc_tta_section title=&#8220;Rita&#8217;s Klassiker&#8220; tab_id=&#8220;1734717807369-539535bc-2ef3&#8243;][vc_column_text]<\/p>\n<p style=\"text-align: center;\">RITA&#8217;S\u00a0 KLASSIKER<\/p>\n<p style=\"text-align: center;\">Sie d\u00fcrfen diese Gerichte mit Men\u00fcg\u00e4ngen tauschen<br \/>\n(Eventuell mit Aufschlag zum Men\u00fc)<\/p>\n<p style=\"text-align: center;\">Ziegenfrischk\u00e4seb\u00e4llchen<br \/>\nan Blattsalaten mit Passionsfruchtvinaigrette<br \/>\n17,50 \u20ac<br \/>\n*****<br \/>\nJakobsmuschelfleisch vom Grill<br \/>\nauf Carpaccio vom Rinderfilet<br \/>\n23,00 \u20ac<br \/>\n*****<br \/>\nTagliolini \u00e1 la cr\u00e8me<br \/>\nmit frischem piemonteser Tr\u00fcffel<br \/>\nals Vorspeise: 18,00 \u20ac<br \/>\nals Hauptgericht: 26,00 \u20ac<br \/>\n*****<br \/>\nStreifen vom Rinderfilet<br \/>\nmit Cognacpfeffersauce und Tagliolini<br \/>\n(nur als Hauptgericht)<br \/>\n28,50 \u20ac<br \/>\n*****<br \/>\nProfiterolles<br \/>\ngef\u00fcllt mit Bourbon-Vanille-Eiscr\u00e8me<br \/>\n\u00fcbergossen mit Valrhonaschokoladensauce<br \/>\n15,50 \u20ac<\/p>\n<p style=\"text-align: center;\">Alle Preise inklusiv Mwst. und Bedienung<\/p>\n<p>F\u00fcr Informationen \u00fcber Zutaten und Stoffe, die Allergien und Unvertr\u00e4glichkeiten ausl\u00f6sen k\u00f6nnen, steht Ihnen bei Bedarf unsere K\u00fcchenchefin zur Verf\u00fcgung. Auf Wunsch stellen wir Ihnen auch gerne ein vegetarisches Men\u00fc zusammen.<br \/>\nWir empfehlen eine rechtzeitige Reservierung.[\/vc_column_text][\/vc_tta_section][\/vc_tta_tabs][\/vc_column][\/vc_row]<\/p>\n<\/div>","protected":false},"excerpt":{"rendered":"<p>[vc_row][vc_column][vc_custom_heading text=&#8220;Speisekarte des Restaurant La Petite Maison&#8220; font_container=&#8220;tag:h2|text_align:center&#8220; use_theme_fonts=&#8220;yes&#8220; css=&#8220;.vc_custom_1476872925159{padding-top: 15px !important;padding-bottom: 15px !important;background-color: #ffcc66 !important;border-radius: 10px !important;}&#8220;][\/vc_column][\/vc_row][vc_row css=&#8220;.vc_custom_1630319956420{margin-top: 30px !important;}&#8220;][vc_column][vc_tta_tabs style=&#8220;modern&#8220; color=&#8220;juicy-pink&#8220; active_section=&#8220;1&#8243;][vc_tta_section title=&#8220;Gourmetmen\u00fc&#8220; tab_id=&#8220;1476873633347-44bf4908-2e86&#8243;][vc_column_text&hellip; <a class=\"continue\" href=\"https:\/\/www.lapetitemaison.saarland\/neu\/?page_id=22\">Weiterlesen ><span> Speisekarte<\/span><\/a><\/p>\n","protected":false},"author":1,"featured_media":-1,"parent":0,"menu_order":0,"comment_status":"closed","ping_status":"closed","template":"","meta":{"footnotes":""},"class_list":["post-22","page","type-page","status-publish","has-post-thumbnail","hentry"],"_links":{"self":[{"href":"https:\/\/www.lapetitemaison.saarland\/neu\/index.php?rest_route=\/wp\/v2\/pages\/22","targetHints":{"allow":["GET"]}}],"collection":[{"href":"https:\/\/www.lapetitemaison.saarland\/neu\/index.php?rest_route=\/wp\/v2\/pages"}],"about":[{"href":"https:\/\/www.lapetitemaison.saarland\/neu\/index.php?rest_route=\/wp\/v2\/types\/page"}],"author":[{"embeddable":true,"href":"https:\/\/www.lapetitemaison.saarland\/neu\/index.php?rest_route=\/wp\/v2\/users\/1"}],"replies":[{"embeddable":true,"href":"https:\/\/www.lapetitemaison.saarland\/neu\/index.php?rest_route=%2Fwp%2Fv2%2Fcomments&post=22"}],"version-history":[{"count":0,"href":"https:\/\/www.lapetitemaison.saarland\/neu\/index.php?rest_route=\/wp\/v2\/pages\/22\/revisions"}],"wp:featuredmedia":[{"embeddable":true,"href":"https:\/\/www.lapetitemaison.saarland\/neu\/index.php?rest_route=\/"}],"wp:attachment":[{"href":"https:\/\/www.lapetitemaison.saarland\/neu\/index.php?rest_route=%2Fwp%2Fv2%2Fmedia&parent=22"}],"curies":[{"name":"wp","href":"https:\/\/api.w.org\/{rel}","templated":true}]}}